{"id":13,"date":"2019-12-03T00:49:42","date_gmt":"2019-12-02T23:49:42","guid":{"rendered":"http:\/\/bavaria-eagles.de\/?page_id=13"},"modified":"2019-12-03T11:57:57","modified_gmt":"2019-12-03T10:57:57","slug":"satzung","status":"publish","type":"page","link":"http:\/\/bavaria-eagles.de\/index.php\/satzung\/","title":{"rendered":"Satzung"},"content":{"rendered":"\t\t<div data-elementor-type=\"wp-page\" data-elementor-id=\"13\" class=\"elementor elementor-13\">\n\t\t\t\t\t\t\t\t\t<section class=\"elementor-section elementor-top-section elementor-element elementor-element-b449816 elementor-section-boxed elementor-section-height-default elementor-section-height-default\" data-id=\"b449816\" data-element_type=\"section\">\n\t\t\t\t\t\t<div class=\"elementor-container elementor-column-gap-default\">\n\t\t\t\t\t<div class=\"elementor-column elementor-col-100 elementor-top-column elementor-element elementor-element-b01338d\" data-id=\"b01338d\" data-element_type=\"column\">\n\t\t\t<div class=\"elementor-widget-wrap elementor-element-populated\">\n\t\t\t\t\t\t\t\t<div class=\"elementor-element elementor-element-f3578de elementor-widget elementor-widget-text-editor\" data-id=\"f3578de\" data-element_type=\"widget\" data-widget_type=\"text-editor.default\">\n\t\t\t\t<div class=\"elementor-widget-container\">\n\t\t\t\t\t\t\t<h3 style=\"caret-color: #000000; color: #000000; font-family: -webkit-standard; text-size-adjust: auto; text-align: center;\">Satzung<\/h3><p style=\"caret-color: #000000; color: #000000; font-family: -webkit-standard; text-size-adjust: auto;\"><b>1. Grunds\u00e4tzliches<\/b><\/p><p style=\"caret-color: #000000; color: #000000; font-family: -webkit-standard; text-size-adjust: auto;\">1.1 Der Fanclub f\u00fchrt den Namen \u201eBavaria Eagles Steinfeld\u201c und ist am 06.08.1993 gegr\u00fcndet worden.<\/p><p style=\"caret-color: #000000; color: #000000; font-family: -webkit-standard; text-size-adjust: auto;\">1.2. Zweck des Fanclubs ist die sportliche und faire Unterst\u00fctzung unseres Lieblingsvereins FC Bayern M\u00fcnchen. Dar\u00fcber hinaus sollen Kameradschaft und Geselligkeit gepflegt werden.<\/p><p style=\"caret-color: #000000; color: #000000; font-family: -webkit-standard; text-size-adjust: auto;\"><b>2. Mitgliedschaft<\/b><\/p><p style=\"caret-color: #000000; color: #000000; font-family: -webkit-standard; text-size-adjust: auto;\">2.1 Die Mitgliedschaft kann mit Vollendung des 14. Lebensjahrs erworben werden. Hierzu muss ein schriftlicher Aufnahmeantrag beim Vorstand eingereicht werden.<\/p><p style=\"caret-color: #000000; color: #000000; font-family: -webkit-standard; text-size-adjust: auto;\">2.2\u00a0 Alle Mitglieder verpflichten sich durch ihre Vereinszugeh\u00f6rigkeit auf die Einhaltung dieser Satzung und zur Zahlung eines Mitgliedsbeitrages, dessen H\u00f6he und F\u00e4lligkeit von der Generalversammlung festgelegt wird.<\/p><p style=\"caret-color: #000000; color: #000000; font-family: -webkit-standard; text-size-adjust: auto;\">2.3\u00a0 Bei vereinssch\u00e4digendem Verhalten kann der Vorstand einen Ausschluss aus dem Fanclub beschlie\u00dfen.<\/p><p style=\"caret-color: #000000; color: #000000; font-family: -webkit-standard; text-size-adjust: auto;\"><b>3. Gesch\u00e4ftsf\u00fchrung \u00a0\u00a0\u00a0\u00a0\u00a0\u00a0\u00a0\u00a0\u00a0\u00a0\u00a0\u00a0\u00a0\u00a0\u00a0\u00a0\u00a0\u00a0\u00a0\u00a0\u00a0\u00a0\u00a0\u00a0\u00a0\u00a0\u00a0\u00a0\u00a0\u00a0\u00a0\u00a0\u00a0\u00a0\u00a0\u00a0\u00a0\u00a0\u00a0\u00a0\u00a0<\/b><\/p><p style=\"caret-color: #000000; color: #000000; font-family: -webkit-standard; text-size-adjust: auto;\">3.1 Der Vorstand f\u00fchrt die Gesch\u00e4fte des Fanclubs nach Ma\u00dfgabe der Satzung und der Beschl\u00fcsse der Generalversammlung. Der Vorstand fasst seine Beschl\u00fcsse mit einfacher Mehrheit. Bei Stimmengleichheit entscheidet die Stimme des Vorsitzenden, bei dessen Abwesenheit die seines Vertreters. \u00dcber seine T\u00e4tigkeit hat der Vorstand der Generalversammlung zu berichten.<\/p><p style=\"caret-color: #000000; color: #000000; font-family: -webkit-standard; text-size-adjust: auto;\">3.2 Der Vorstand besteht aus<\/p><p style=\"caret-color: #000000; color: #000000; font-family: -webkit-standard; text-size-adjust: auto;\">\u00a0\u00a0 dem 1. Vorsitzenden<\/p><p style=\"caret-color: #000000; color: #000000; font-family: -webkit-standard; text-size-adjust: auto;\">\u00a0\u00a0 dem 2. Vorsitzenden<\/p><p style=\"caret-color: #000000; color: #000000; font-family: -webkit-standard; text-size-adjust: auto;\">\u00a0\u00a0 dem Kassenwart \/ Schriftf\u00fchrer<\/p><p style=\"caret-color: #000000; color: #000000; font-family: -webkit-standard; text-size-adjust: auto;\">3.3 W\u00e4hrend des laufenden Gesch\u00e4ftsjahres sind bei Bedarf Vorstandssitzungen durch den 1. Vorsitzenden einzuberufen.<\/p><p style=\"caret-color: #000000; color: #000000; font-family: -webkit-standard; text-size-adjust: auto;\">3.4 Der Vorstand ist berechtigt, f\u00fcr bestimmte Zwecke Aussch\u00fcsse einzusetzen.<\/p><p style=\"caret-color: #000000; color: #000000; font-family: -webkit-standard; text-size-adjust: auto;\">3.5 St\u00e4ndiger Ausschuss ist der Festausschuss. Er ist verantwortlich f\u00fcr die Planung und Durchf\u00fchrung von Veranstaltungen, die er in Absprache mit dem Vorstand plant bzw. festlegt. Der Festausschuss wird f\u00fcr die Dauer von zwei Gesch\u00e4ftsjahren von der Generalversammlung gew\u00e4hlt.<\/p><p style=\"caret-color: #000000; color: #000000; font-family: -webkit-standard; text-size-adjust: auto;\">3.6 Am Schluss eines Gesch\u00e4ftsjahres wird die Vereinskasse durch einen Kassenpr\u00fcfungsausschuss gepr\u00fcft. Der Ausschuss setzt sich aus zwei Mitgliedern zusammen. \u00dcber das Ergebnis der Pr\u00fcfung legt der Ausschuss der Generalversammlung einen Bericht vor. Der Kassenpr\u00fcfungsausschuss wird f\u00fcr die Dauer von zwei Gesch\u00e4ftsjahren von der Generalversammlung gew\u00e4hlt.<\/p><p style=\"caret-color: #000000; color: #000000; font-family: -webkit-standard; text-size-adjust: auto;\">3.7 Das Gesch\u00e4ftsjahr beginnt am 01. August und endet am 31. Juli des folgenden Jahres.<\/p><p style=\"caret-color: #000000; color: #000000; font-family: -webkit-standard; text-size-adjust: auto;\">3.8 Ausgaben k\u00f6nnen nur nach R\u00fccksprache mit dem Vorstand get\u00e4tigt werden.<\/p><p style=\"caret-color: #000000; color: #000000; font-family: -webkit-standard; text-size-adjust: auto;\"><b>4. Generalversammlung<\/b><\/p><p style=\"caret-color: #000000; color: #000000; font-family: -webkit-standard; text-size-adjust: auto;\">4.1 Die beschlussfassende Versammlung aller Mitglieder ist die Generalversammlung. Hier werden alle den Verein betreffenden wichtigen Angelegenheiten behandelt.<\/p><p style=\"caret-color: #000000; color: #000000; font-family: -webkit-standard; text-size-adjust: auto;\">4.2 Die ordentliche Generalversammlung findet einmal j\u00e4hrlich nach Abschluss des laufenden Gesch\u00e4ftsjahres statt. Dazu hat der Vorstand alle Mitglieder schriftlich, unter Bekanntgabe von Tagungsort und Termin, mindestens zwei Wochen vor dem festgesetzten Termin einzuladen.<\/p><p style=\"caret-color: #000000; color: #000000; font-family: -webkit-standard; text-size-adjust: auto;\">4.3 Die Einberufung und Leitung der Versammlung obliegt dem 1. Vorsitzenden, bei dessen Abwesenheit \u00fcbernimmt der 2. Vorsitzende diese Aufgabe.<\/p><p style=\"caret-color: #000000; color: #000000; font-family: -webkit-standard; text-size-adjust: auto;\">4.4 \u00dcber den Verlauf und jeweilige Beschl\u00fcsse der Generalversammlung ist durch den Kassenwart \/ Schriftf\u00fchrer eine Niederschrift anzufertigen. Bei Abwesenheit des Kassenwartes \/ Schriftf\u00fchrers ist ein Stellvertreter durch den Vorstand zu bestimmen.<\/p><p style=\"caret-color: #000000; color: #000000; font-family: -webkit-standard; text-size-adjust: auto;\">4.5 Die Generalversammlung ist insbesondere zust\u00e4ndig f\u00fcr<\/p><p style=\"caret-color: #000000; color: #000000; font-family: -webkit-standard; text-size-adjust: auto;\">&#8211; Entgegennahme der Berichte des Vorstandes<\/p><p style=\"caret-color: #000000; color: #000000; font-family: -webkit-standard; text-size-adjust: auto;\">&#8211; Entgegennahme des Berichts der Kassenpr\u00fcfer<\/p><p style=\"caret-color: #000000; color: #000000; font-family: -webkit-standard; text-size-adjust: auto;\">&#8211; Entlastung und Wahl des Vorstandes<\/p><p style=\"caret-color: #000000; color: #000000; font-family: -webkit-standard; text-size-adjust: auto;\">&#8211; Wahl des Kassenpr\u00fcfungsausschusses<\/p><p style=\"caret-color: #000000; color: #000000; font-family: -webkit-standard; text-size-adjust: auto;\">&#8211; Wahl des Festausschusseses<\/p><p style=\"caret-color: #000000; color: #000000; font-family: -webkit-standard; text-size-adjust: auto;\">&#8211; Festsetzung von Beitr\u00e4gen und deren F\u00e4lligkeit<\/p><p style=\"caret-color: #000000; color: #000000; font-family: -webkit-standard; text-size-adjust: auto;\">&#8211; Satzungs\u00e4nderungen<\/p><p style=\"caret-color: #000000; color: #000000; font-family: -webkit-standard; text-size-adjust: auto;\">&#8211; Beschlussfassung \u00fcber Antr\u00e4ge<\/p><p style=\"caret-color: #000000; color: #000000; font-family: -webkit-standard; text-size-adjust: auto;\"><b>5. \u00c4mterwahl<\/b><\/p><p style=\"caret-color: #000000; color: #000000; font-family: -webkit-standard; text-size-adjust: auto;\">5.1 Die Generalversammlung w\u00e4hlt den Vorstand f\u00fcr die Dauer von zwei Jahren. Er bleibt bis zu satzungsgem\u00e4\u00dfen Neuwahl im Amt. W\u00e4hlbar sind nur Vereinsmitglieder, die das 18. Lebensjahr vollendet haben. Wiederwahl eines Vorstandsmitgliedes ist zul\u00e4ssig. Verschiedene Vorstands\u00e4mter k\u00f6nnen nicht in einer Person vereinigt werden.<\/p><p style=\"caret-color: #000000; color: #000000; font-family: -webkit-standard; text-size-adjust: auto;\">5.2 Alle Mitglieder k\u00f6nnen Vorschl\u00e4ge f\u00fcr die Wahl des Vorstandes, des Kassenpr\u00fcfungsausschusses und des Festausschusses machen. Das Stimmrecht kann nur pers\u00f6nlich ausge\u00fcbt werden.<\/p><p style=\"caret-color: #000000; color: #000000; font-family: -webkit-standard; text-size-adjust: auto;\">5.3 Als gew\u00e4hlt gilt das Mitglied, dass die meisten Stimmen auf sich vereinigen konnte.<\/p><p style=\"caret-color: #000000; color: #000000; font-family: -webkit-standard; text-size-adjust: auto;\"><b>6. Gesch\u00e4ftsordnung<\/b><\/p><p style=\"caret-color: #000000; color: #000000; font-family: -webkit-standard; text-size-adjust: auto;\">6.1\u00a0 Die Leitung der Generalversammlung und s\u00e4mtlicher Mitgliederversammlungen obliegt dem 1. Vorsitzenden. In seiner Abwesenheit oder bei Behandlung von Sachverhalten, bei denen der 1. Vorsitzende direkt betroffen ist, wird er vom 2. Vorsitzenden vertreten.<\/p><p style=\"caret-color: #000000; color: #000000; font-family: -webkit-standard; text-size-adjust: auto;\">6.2\u00a0 Die Annahme eines Antrages erfolgt durch einfache Stimmenmehrheit. Bei Stimmengleichheit gilt der Antrag als abgelehnt.<\/p><p style=\"caret-color: #000000; color: #000000; font-family: -webkit-standard; text-size-adjust: auto;\"><b>7. Datenschutz<\/b><\/p><p style=\"caret-color: #000000; color: #000000; font-family: -webkit-standard; text-size-adjust: auto;\">7.1 Mit dem Beitritt eines Mitglieds nimmt der Fanclub seine Adresse, sein Alter, die Telefonnummer und die E-Mail-Adresse sowie seine Bankverbindung auf. Diese Informationen werden in dem vereinseigenen EDV-System gespeichert. Jedem Mitglied wird dabei eine Mitgliedsnummer zugeordnet. Die personenbezogenen Daten werden dabei durch geeignete technische und organisatorische Ma\u00dfnahmen vor der Kenntnisnahme Dritter gesch\u00fctzt. Sonstige Informationen zu den Mitgliedern und Informationen \u00fcber Nichtmitglieder werden von dem Fanclub grunds\u00e4tzlich nur verarbeitet oder genutzt, wenn sie zur F\u00f6rderung des Fanclubzweckes n\u00fctzlich sind und keine Anhaltspunkte bestehen, dass die betroffene Person ein schutzw\u00fcrdiges Interesse hat, das der Verarbeitung oder Nutzung entgegensteht. Bei Mitgliedern mit besonderen Aufgaben die vollst\u00e4ndige Adresse mit Telefonnummer, E-Mail-Adresse sowie die Bezeichnung der Funktion im Fanclub.<\/p><p style=\"caret-color: #000000; color: #000000; font-family: -webkit-standard; text-size-adjust: auto;\">7.2 Der Fanclub macht besondere Ereignisse des Vereinslebens, insbesondere die Durchf\u00fchrung von Fahrten zu Spielen des FC Bayern M\u00fcnchen sowie Feierlichkeiten und Geburtstagsgratulationen in der Vereinszeitschrift und eventuell im Internet\u00a0 bekannt.\u00a0 Dabei\u00a0 k\u00f6nnen\u00a0 personenbezogene\u00a0 Mitgliederdaten\u00a0 ver\u00f6ffentlicht werden.<\/p><p style=\"caret-color: #000000; color: #000000; font-family: -webkit-standard; text-size-adjust: auto;\">7.3 Das einzelne Mitglied kann jederzeit gegen\u00fcber dem Vorstand Einw\u00e4nde gegen eine Ver\u00f6ffentlichung\u00a0 seiner\u00a0 Daten\u00a0 vorbringen.\u00a0 In\u00a0 diesem\u00a0 Fall\u00a0 unterbleibt\u00a0 in\u00a0 Bezug auf dieses Mitglied eine weitere Ver\u00f6ffentlichung.<\/p><p style=\"caret-color: #000000; color: #000000; font-family: -webkit-standard; text-size-adjust: auto;\">7.4 Nur Vorstandsmitglieder und sonstige Mitglieder, die im Fanclub eine besondere Funktion aus\u00fcben, welche die Kenntnis bestimmter Mitgliederdaten erfordert, erhalten eine Mitgliederliste mit den ben\u00f6tigten Mitgliederdaten ausgeh\u00e4ndigt. Zur Wahrnehmung der satzungsm\u00e4\u00dfigen Rechte gibt der Vorstand gegen die schriftliche Versicherung, dass die Adressen nicht zu anderen Zwecken verwendet werden, eine Mitgliederliste mit Namen und Anschriften der Mitglieder an den Antragsteller aus.<\/p><p style=\"caret-color: #000000; color: #000000; font-family: -webkit-standard; text-size-adjust: auto;\">7.5 Der Fanclub informiert die Tagespresse \u00fcber besondere Ereignisse. Solche Informationen werden \u00fcberdies auf der Internetseite des Fanclubs gem\u00e4\u00df der vom\u00a0 Mitglied unterzeichneten Einwilligungserkl\u00e4rung f\u00fcr die Ver\u00f6ffentlichung von Mitgliederdaten im Internet ver\u00f6ffentlicht. Das einzelne Mitglied kann jederzeit gegen\u00fcber dem Vorstand Einw\u00e4nde gegen eine solche Ver\u00f6ffentlichung seiner personenbezogenen Daten erheben bzw. seine erteilte Einwilligung in die Ver\u00f6ffentlichung im Internet widerrufen. Im Falle eines Einwandes bzw. Widerrufs unterbleiben weitere Ver\u00f6ffentlichungen zu seiner Person. Personenbezogene Daten des widerrufenden Mitglieds werden von der Homepage des Fanclubs entfernt.<\/p><p style=\"caret-color: #000000; color: #000000; font-family: -webkit-standard; text-size-adjust: auto;\">7.6 Beim Austritt werden Namen, Adresse und Geburtsjahr des Mitglieds, aus dem Mitgliederverzeichnis gel\u00f6scht. Personenbezogene Daten des austretenden Mitglieds, die die Kassenverwaltung betreffen, werden gem\u00e4\u00df der steuergesetzlichen Bestimmungen bis zu zehn Jahren ab der schriftlichen Best\u00e4tigung des Austritts durch den Vorstand aufbewahrt.<\/p><p style=\"caret-color: #000000; color: #000000; font-family: -webkit-standard; text-size-adjust: auto;\"><b>8. Schlussbestimmungen<\/b><\/p><p style=\"caret-color: #000000; color: #000000; font-family: -webkit-standard; text-size-adjust: auto;\">8.1 Zur \u00c4nderung der genehmigten Satzung ist eine \u00be Mehrheit aller stimmberechtigten Mitglieder bei einer Generalversammlung notwendig.<\/p><p style=\"caret-color: #000000; color: #000000; font-family: -webkit-standard; text-size-adjust: auto;\">8.2\u00a0 Alle Satzungs\u00e4nderungen werden vom Schriftf\u00fchrer in die Satzung \u00fcbertragen.<\/p><p style=\"caret-color: #000000; color: #000000; font-family: -webkit-standard; text-size-adjust: auto;\">8.3 Diese Satzung ist in der vorliegenden Form von der Generalversammlung des Fanclubs am 25. August 2019 beschlossen worden und tritt mit dem Tage der Generalversammlung in Kraft. Damit erl\u00f6schen gleichzeitig auch alle fr\u00fcheren Satzungen.<\/p>\t\t\t\t\t\t<\/div>\n\t\t\t\t<\/div>\n\t\t\t\t\t<\/div>\n\t\t<\/div>\n\t\t\t\t\t\t\t<\/div>\n\t\t<\/section>\n\t\t\t\t\t\t\t<\/div>\n\t\t ","protected":false},"excerpt":{"rendered":"<p>Satzung 1. Grunds\u00e4tzliches 1.1 Der Fanclub f\u00fchrt den Namen \u201eBavaria Eagles Steinfeld\u201c und ist am 06.08.1993 gegr\u00fcndet worden. 1.2. Zweck des Fanclubs ist die sportliche und faire Unterst\u00fctzung unseres Lieblingsvereins FC Bayern M\u00fcnchen. Dar\u00fcber hinaus sollen Kameradschaft und Geselligkeit gepflegt werden. 2. Mitgliedschaft 2.1 Die Mitgliedschaft kann mit Vollendung des 14. Lebensjahrs erworben werden. Hierzu muss ein schriftlicher Aufnahmeantrag beim Vorstand eingereicht werden. 2.2\u00a0 Alle Mitglieder verpflichten sich durch ihre Vereinszugeh\u00f6rigkeit auf die Einhaltung dieser Satzung und zur Zahlung eines Mitgliedsbeitrages, dessen H\u00f6he und F\u00e4lligkeit von der Generalversammlung festgelegt wird. 2.3\u00a0 Bei vereinssch\u00e4digendem Verhalten kann der Vorstand einen Ausschluss aus dem Fanclub beschlie\u00dfen. 3. Gesch\u00e4ftsf\u00fchrung \u00a0\u00a0\u00a0\u00a0\u00a0\u00a0\u00a0\u00a0\u00a0\u00a0\u00a0\u00a0\u00a0\u00a0\u00a0\u00a0\u00a0\u00a0\u00a0\u00a0\u00a0\u00a0\u00a0\u00a0\u00a0\u00a0\u00a0\u00a0\u00a0\u00a0\u00a0\u00a0\u00a0\u00a0\u00a0\u00a0\u00a0\u00a0\u00a0\u00a0\u00a0 3.1 Der Vorstand f\u00fchrt die Gesch\u00e4fte des Fanclubs nach Ma\u00dfgabe der Satzung und der Beschl\u00fcsse der Generalversammlung. Der Vorstand fasst seine Beschl\u00fcsse mit einfacher Mehrheit. Bei Stimmengleichheit entscheidet die Stimme des Vorsitzenden, bei dessen Abwesenheit die seines Vertreters. \u00dcber seine T\u00e4tigkeit hat der Vorstand&hellip;<\/p>\n<p> <a class=\"more-link\" href=\"http:\/\/bavaria-eagles.de\/index.php\/satzung\/\">Weiterlesen<\/a><\/p>\n","protected":false},"author":1,"featured_media":51,"parent":0,"menu_order":0,"comment_status":"closed","ping_status":"closed","template":"","meta":{"_uag_custom_page_level_css":"","footnotes":""},"class_list":["post-13","page","type-page","status-publish","has-post-thumbnail"],"uagb_featured_image_src":{"full":["http:\/\/bavaria-eagles.de\/wp-content\/uploads\/2019\/12\/allianzarena8.jpeg",1920,1080,false],"thumbnail":["http:\/\/bavaria-eagles.de\/wp-content\/uploads\/2019\/12\/allianzarena8-150x150.jpeg",150,150,true],"medium":["http:\/\/bavaria-eagles.de\/wp-content\/uploads\/2019\/12\/allianzarena8-300x169.jpeg",300,169,true],"medium_large":["http:\/\/bavaria-eagles.de\/wp-content\/uploads\/2019\/12\/allianzarena8-768x432.jpeg",768,432,true],"large":["http:\/\/bavaria-eagles.de\/wp-content\/uploads\/2019\/12\/allianzarena8-1024x576.jpeg",800,450,true],"1536x1536":["http:\/\/bavaria-eagles.de\/wp-content\/uploads\/2019\/12\/allianzarena8-1536x864.jpeg",1536,864,true],"2048x2048":["http:\/\/bavaria-eagles.de\/wp-content\/uploads\/2019\/12\/allianzarena8.jpeg",1920,1080,false],"a13_navigation_image_size":["http:\/\/bavaria-eagles.de\/wp-content\/uploads\/2019\/12\/allianzarena8.jpeg",178,100,false]},"uagb_author_info":{"display_name":"admin","author_link":"http:\/\/bavaria-eagles.de\/index.php\/author\/admin\/"},"uagb_comment_info":0,"uagb_excerpt":"Satzung 1. Grunds\u00e4tzliches 1.1 Der Fanclub f\u00fchrt den Namen \u201eBavaria Eagles Steinfeld\u201c und ist am 06.08.1993 gegr\u00fcndet worden. 1.2. Zweck des Fanclubs ist die sportliche und faire Unterst\u00fctzung unseres Lieblingsvereins FC Bayern M\u00fcnchen. Dar\u00fcber hinaus sollen Kameradschaft und Geselligkeit gepflegt werden. 2. Mitgliedschaft 2.1 Die Mitgliedschaft kann mit Vollendung des 14. Lebensjahrs erworben werden. Hierzu&hellip;","_links":{"self":[{"href":"http:\/\/bavaria-eagles.de\/index.php\/wp-json\/wp\/v2\/pages\/13"}],"collection":[{"href":"http:\/\/bavaria-eagles.de\/index.php\/wp-json\/wp\/v2\/pages"}],"about":[{"href":"http:\/\/bavaria-eagles.de\/index.php\/wp-json\/wp\/v2\/types\/page"}],"author":[{"embeddable":true,"href":"http:\/\/bavaria-eagles.de\/index.php\/wp-json\/wp\/v2\/users\/1"}],"replies":[{"embeddable":true,"href":"http:\/\/bavaria-eagles.de\/index.php\/wp-json\/wp\/v2\/comments?post=13"}],"version-history":[{"count":3,"href":"http:\/\/bavaria-eagles.de\/index.php\/wp-json\/wp\/v2\/pages\/13\/revisions"}],"predecessor-version":[{"id":72,"href":"http:\/\/bavaria-eagles.de\/index.php\/wp-json\/wp\/v2\/pages\/13\/revisions\/72"}],"wp:featuredmedia":[{"embeddable":true,"href":"http:\/\/bavaria-eagles.de\/index.php\/wp-json\/wp\/v2\/media\/51"}],"wp:attachment":[{"href":"http:\/\/bavaria-eagles.de\/index.php\/wp-json\/wp\/v2\/media?parent=13"}],"curies":[{"name":"wp","href":"https:\/\/api.w.org\/{rel}","templated":true}]}}