{"id":9,"date":"2019-12-03T00:49:00","date_gmt":"2019-12-02T23:49:00","guid":{"rendered":"http:\/\/bavaria-eagles.de\/?page_id=9"},"modified":"2019-12-09T14:46:16","modified_gmt":"2019-12-09T13:46:16","slug":"geschichte","status":"publish","type":"page","link":"http:\/\/bavaria-eagles.de\/index.php\/geschichte\/","title":{"rendered":"Geschichte"},"content":{"rendered":"\t\t<div data-elementor-type=\"wp-page\" data-elementor-id=\"9\" class=\"elementor elementor-9\">\n\t\t\t\t\t\t\t\t\t<section class=\"elementor-section elementor-top-section elementor-element elementor-element-08534d8 elementor-section-boxed elementor-section-height-default elementor-section-height-default\" data-id=\"08534d8\" data-element_type=\"section\">\n\t\t\t\t\t\t<div class=\"elementor-container elementor-column-gap-default\">\n\t\t\t\t\t<div class=\"elementor-column elementor-col-100 elementor-top-column elementor-element elementor-element-8a6b792\" data-id=\"8a6b792\" data-element_type=\"column\">\n\t\t\t<div class=\"elementor-widget-wrap elementor-element-populated\">\n\t\t\t\t\t\t\t\t<div class=\"elementor-element elementor-element-dff9aa8 elementor-widget elementor-widget-heading\" data-id=\"dff9aa8\" data-element_type=\"widget\" data-widget_type=\"heading.default\">\n\t\t\t\t<div class=\"elementor-widget-container\">\n\t\t\t<h2 class=\"elementor-heading-title elementor-size-default\">Bavaria Eagles \u2013 Eine Erfolgsgeschichte seit vielen Jahren<\/h2>\t\t<\/div>\n\t\t\t\t<\/div>\n\t\t\t\t\t<\/div>\n\t\t<\/div>\n\t\t\t\t\t\t\t<\/div>\n\t\t<\/section>\n\t\t\t\t<section class=\"elementor-section elementor-top-section elementor-element elementor-element-edb9153 elementor-section-boxed elementor-section-height-default elementor-section-height-default\" data-id=\"edb9153\" data-element_type=\"section\">\n\t\t\t\t\t\t<div class=\"elementor-container elementor-column-gap-default\">\n\t\t\t\t\t<div class=\"elementor-column elementor-col-100 elementor-top-column elementor-element elementor-element-ac90f58\" data-id=\"ac90f58\" data-element_type=\"column\">\n\t\t\t<div class=\"elementor-widget-wrap elementor-element-populated\">\n\t\t\t\t\t\t\t\t<div class=\"elementor-element elementor-element-daed7bf elementor-widget elementor-widget-text-editor\" data-id=\"daed7bf\" data-element_type=\"widget\" data-widget_type=\"text-editor.default\">\n\t\t\t\t<div class=\"elementor-widget-container\">\n\t\t\t\t\t\t\t<p><span style=\"color: #000000;\">Anfang der 90er Jahre besuchten wir die Spiele unseres FC Bayerns noch mit einem kleinen Autokonvoi, der aus den bereitgestellten Autos der Fans bestand. Dadurch gelang es uns, den FC Bayern mit mindestens zehn Personen zu unterst\u00fctzen. Im Sommer 1993 entwickelten sich erste \u00dcberlegungen, einen FC Bayern Fanclub in Steinfeld zu gr\u00fcnden. Grund daf\u00fcr lag auch in der aus einer Fanclubgr\u00fcndung resultierenden besseren Organisation der Touren zu den einzelnen Spielen. Alfred Haskamp brachte in einem Schreiben an die Gesch\u00e4ftsf\u00fchrung des FC Bayern in Erfahrung, welche Voraussetzungen ein Fanclub erf\u00fcllen muss, um offiziell als solcher beim FC Bayern M\u00fcnchen zu gelten. Dabei stellte es sich heraus, dass eine wichtige Bedingung in der Anzahl der ben\u00f6tigten Fanclubmitglieder lag, denn mindestens 25 Personen mussten mitmachen wollen.<\/span><\/p><p><span style=\"color: #000000;\">Mit der ersten Generalversammlung am 06. August 1993 gr\u00fcndeten 14 Personen im Landhaus \u00a0G\u00f6ssen den FC Bayern Fanclub ,,Bavaria Eagles\u2018\u2018. Alfred Haskamp war es dann auch, der die Geschicke des Fanclubs Bavaria Eagles als erster Vorsitzender leitete. Im Vordergrund stand die gleichzeitige Organisation mehrerer Projekte. Angefangen mit der eben erw\u00e4hnten n\u00f6tigen Aufstockung der Mitgliederanzahl auf 25 Personen oder auch der Entwurf und die Anfertigung von Kuttenaufn\u00e4hern sowie einer Fanclubfahne (2,5m x 5,0m) und die Planung der ersten Fahrt zu einem Spiel unseres FC Bayerns. All diese Projekte konnten dank des Engagements der Mitglieder in den folgenden Monaten realisiert werden. Im November 1993 besuchten wir unser erstes Bundesligaspiel auf Schalke und im Dezember 1993 kam die Best\u00e4tigung des FC Bayern, dass die ,,Bavaria Eagles\u201c als eingetragener Fanclub offiziell aufgenommen worden sind. Es war der Startschuss zu vielen kommenden Touren zu den Heim- und Ausw\u00e4rtsspielen unseres FC Bayern. Dabei beschr\u00e4nkten wir uns nicht nur auf Bundesligaspiele, sondern fuhren auch zu den Freundschafts-, DFB-Pokal- und Europacupspielen.<\/span><\/p><p><span style=\"color: #000000;\">Auf unserer dritten Generalversammlung am 29. Juli 1995 \u00fcbernahm Pero Jeremi<strong>\u0107 <\/strong>den Posten des 1. Vorsitzenden. Es sollte ein turbulentes erstes Amtsjahr werden, denn im Herbst 1995 hie\u00df es dann ,,Aus ein mach zwei.\u201c Aufgrund einiger Differenzen traten einige Mitglieder aus dem Fanclub aus und gr\u00fcndeten einen weiteren Fanclub in Steinfeld. Die verbliebenen Mitglieder sch\u00fcttelten sich kurz durch, r\u00fcckten durch die Trennung noch n\u00e4her zusammen und brachten das Schiff schnell wieder auf einen erfolgreichen Kurs.<\/span><\/p><p><span style=\"color: #000000;\">Neben den gemeinsamen Fahrten stellt das gesellige Zusammensein das zweite gro\u00dfe Standbein unseres Fanclubs. Hierf\u00fcr organisiert der Festausschuss diverse Fahrradtouren, Winterg\u00e4nge, Weihnachtsfeiern, Bowlingabende, Bosseltouren und weitere Aktivit\u00e4ten. Vor allem die vielen gemeinsamen Fernsehabende tragen zu einem geselligen Miteinander bei.<\/span><\/p><p><span style=\"color: #000000;\">Auf der zehnten Generalversammlung am 25. August 2002 gab es eine Ver\u00e4nderung, in der Josef Harpenau von den Anwesenden zum 1. Vorsitzenden gew\u00e4hlt wurde. Auch er geh\u00f6rt wie schon seine beiden Vorg\u00e4nger zu den 14 Gr\u00fcndungsmitgliedern des Fanclubs. Neben der Feier zum 10-j\u00e4hrigen Bestehen in der L\u00f6nsh\u00fctte im Jahr 2003, geh\u00f6rt die Clubfeier zum 15-j\u00e4hrigen Bestehen bei Clemi im Jahr 2008 zu einem der H\u00f6hepunkte seiner Amtsperiode. Bei einem z\u00fcnftigen bayrischen Abend wurde auf die Erfolgsgeschichte eines FC Bayern Fanclubs im hohen Norden angesto\u00dfen.<\/span><\/p><p><span style=\"color: #000000;\">Als in der Saison 2012\/2013 der FC Bayern das Unm\u00f6gliche m\u00f6glich machte und das Triple holte, kamen wir zu der Gelegenheit, ein Radio Team zu unserem TV-Abend zu ordern. Am 25.05.2013 konnten wir in einer Live-Schaltung den H\u00f6rern von Hit-Radio Antenne die besondere Atmosph\u00e4re im Keller vermitteln. Selbstverst\u00e4ndlich ist nach diesen legend\u00e4ren 90 Minuten ausgiebig gefeiert worden.<\/span><\/p><p>Radiomitschnitte:\u00a0<\/p>\t\t\t\t\t\t<\/div>\n\t\t\t\t<\/div>\n\t\t\t\t\t<\/div>\n\t\t<\/div>\n\t\t\t\t\t\t\t<\/div>\n\t\t<\/section>\n\t\t\t\t<section class=\"elementor-section elementor-top-section elementor-element elementor-element-e0206dc elementor-section-boxed elementor-section-height-default elementor-section-height-default\" data-id=\"e0206dc\" data-element_type=\"section\">\n\t\t\t\t\t\t<div class=\"elementor-container elementor-column-gap-default\">\n\t\t\t\t\t<div class=\"elementor-column elementor-col-100 elementor-top-column elementor-element elementor-element-e2a28eb\" data-id=\"e2a28eb\" data-element_type=\"column\">\n\t\t\t<div class=\"elementor-widget-wrap elementor-element-populated\">\n\t\t\t\t\t\t\t\t<div class=\"elementor-element elementor-element-e23109c elementor-widget elementor-widget-wp-widget-media_audio\" data-id=\"e23109c\" data-element_type=\"widget\" data-widget_type=\"wp-widget-media_audio.default\">\n\t\t\t\t<div class=\"elementor-widget-container\">\n\t\t\t<!--[if lt IE 9]><script>document.createElement('audio');<\/script><![endif]-->\n<audio class=\"wp-audio-shortcode\" id=\"audio-9-1\" preload=\"none\" style=\"width: 100%;\" controls=\"controls\"><source type=\"audio\/mpeg\" src=\"http:\/\/bavaria-eagles.de\/wp-content\/uploads\/2019\/12\/elenafu\u00dfball4.mp3?_=1\" \/><source type=\"audio\/mpeg\" src=\"http:\/\/bavaria-eagles.de\/wp-content\/uploads\/2019\/12\/elenafu\u00dfball4.mp3?_=1\" \/><a href=\"http:\/\/bavaria-eagles.de\/wp-content\/uploads\/2019\/12\/elenafu\u00dfball4.mp3\">http:\/\/bavaria-eagles.de\/wp-content\/uploads\/2019\/12\/elenafu\u00dfball4.mp3<\/a><\/audio>\t\t<\/div>\n\t\t\t\t<\/div>\n\t\t\t\t\t<\/div>\n\t\t<\/div>\n\t\t\t\t\t\t\t<\/div>\n\t\t<\/section>\n\t\t\t\t<section class=\"elementor-section elementor-top-section elementor-element elementor-element-a081a6a elementor-section-boxed elementor-section-height-default elementor-section-height-default\" data-id=\"a081a6a\" data-element_type=\"section\">\n\t\t\t\t\t\t<div class=\"elementor-container elementor-column-gap-default\">\n\t\t\t\t\t<div class=\"elementor-column elementor-col-100 elementor-top-column elementor-element elementor-element-c95b951\" data-id=\"c95b951\" data-element_type=\"column\">\n\t\t\t<div class=\"elementor-widget-wrap elementor-element-populated\">\n\t\t\t\t\t\t\t\t<div class=\"elementor-element elementor-element-adec5f8 elementor-widget elementor-widget-wp-widget-media_audio\" data-id=\"adec5f8\" data-element_type=\"widget\" data-widget_type=\"wp-widget-media_audio.default\">\n\t\t\t\t<div class=\"elementor-widget-container\">\n\t\t\t<audio class=\"wp-audio-shortcode\" id=\"audio-9-2\" preload=\"none\" style=\"width: 100%;\" controls=\"controls\"><source type=\"audio\/mpeg\" src=\"http:\/\/bavaria-eagles.de\/wp-content\/uploads\/2019\/12\/elenafu\u00dfball2.mp3?_=2\" \/><source type=\"audio\/mpeg\" src=\"http:\/\/bavaria-eagles.de\/wp-content\/uploads\/2019\/12\/elenafu\u00dfball2.mp3?_=2\" \/><a href=\"http:\/\/bavaria-eagles.de\/wp-content\/uploads\/2019\/12\/elenafu\u00dfball2.mp3\">http:\/\/bavaria-eagles.de\/wp-content\/uploads\/2019\/12\/elenafu\u00dfball2.mp3<\/a><\/audio>\t\t<\/div>\n\t\t\t\t<\/div>\n\t\t\t\t\t<\/div>\n\t\t<\/div>\n\t\t\t\t\t\t\t<\/div>\n\t\t<\/section>\n\t\t\t\t<section class=\"elementor-section elementor-top-section elementor-element elementor-element-7b1f707 elementor-section-boxed elementor-section-height-default elementor-section-height-default\" data-id=\"7b1f707\" data-element_type=\"section\">\n\t\t\t\t\t\t<div class=\"elementor-container elementor-column-gap-default\">\n\t\t\t\t\t<div class=\"elementor-column elementor-col-100 elementor-top-column elementor-element elementor-element-7febf3d\" data-id=\"7febf3d\" data-element_type=\"column\">\n\t\t\t<div class=\"elementor-widget-wrap elementor-element-populated\">\n\t\t\t\t\t\t\t\t<div class=\"elementor-element elementor-element-6cfe88d elementor-widget elementor-widget-wp-widget-media_audio\" data-id=\"6cfe88d\" data-element_type=\"widget\" data-widget_type=\"wp-widget-media_audio.default\">\n\t\t\t\t<div class=\"elementor-widget-container\">\n\t\t\t<audio class=\"wp-audio-shortcode\" id=\"audio-9-3\" preload=\"none\" style=\"width: 100%;\" controls=\"controls\"><source type=\"audio\/mpeg\" src=\"http:\/\/bavaria-eagles.de\/wp-content\/uploads\/2019\/12\/elenafu\u00dfball3.mp3?_=3\" \/><source type=\"audio\/mpeg\" src=\"http:\/\/bavaria-eagles.de\/wp-content\/uploads\/2019\/12\/elenafu\u00dfball3.mp3?_=3\" \/><a href=\"http:\/\/bavaria-eagles.de\/wp-content\/uploads\/2019\/12\/elenafu\u00dfball3.mp3\">http:\/\/bavaria-eagles.de\/wp-content\/uploads\/2019\/12\/elenafu\u00dfball3.mp3<\/a><\/audio>\t\t<\/div>\n\t\t\t\t<\/div>\n\t\t\t\t\t<\/div>\n\t\t<\/div>\n\t\t\t\t\t\t\t<\/div>\n\t\t<\/section>\n\t\t\t\t<section class=\"elementor-section elementor-top-section elementor-element elementor-element-fd31817 elementor-section-boxed elementor-section-height-default elementor-section-height-default\" data-id=\"fd31817\" data-element_type=\"section\">\n\t\t\t\t\t\t<div class=\"elementor-container elementor-column-gap-default\">\n\t\t\t\t\t<div class=\"elementor-column elementor-col-100 elementor-top-column elementor-element elementor-element-94c43b0\" data-id=\"94c43b0\" data-element_type=\"column\">\n\t\t\t<div class=\"elementor-widget-wrap elementor-element-populated\">\n\t\t\t\t\t\t\t\t<div class=\"elementor-element elementor-element-72a91c3 elementor-widget elementor-widget-wp-widget-media_audio\" data-id=\"72a91c3\" data-element_type=\"widget\" data-widget_type=\"wp-widget-media_audio.default\">\n\t\t\t\t<div class=\"elementor-widget-container\">\n\t\t\t<audio class=\"wp-audio-shortcode\" id=\"audio-9-4\" preload=\"none\" style=\"width: 100%;\" controls=\"controls\"><source type=\"audio\/mpeg\" src=\"http:\/\/bavaria-eagles.de\/wp-content\/uploads\/2019\/12\/elenafu\u00dfball4.mp3?_=4\" \/><source type=\"audio\/mpeg\" src=\"http:\/\/bavaria-eagles.de\/wp-content\/uploads\/2019\/12\/elenafu\u00dfball4.mp3?_=4\" \/><a href=\"http:\/\/bavaria-eagles.de\/wp-content\/uploads\/2019\/12\/elenafu\u00dfball4.mp3\">http:\/\/bavaria-eagles.de\/wp-content\/uploads\/2019\/12\/elenafu\u00dfball4.mp3<\/a><\/audio>\t\t<\/div>\n\t\t\t\t<\/div>\n\t\t\t\t\t<\/div>\n\t\t<\/div>\n\t\t\t\t\t\t\t<\/div>\n\t\t<\/section>\n\t\t\t\t<section class=\"elementor-section elementor-top-section elementor-element elementor-element-3727979 elementor-section-boxed elementor-section-height-default elementor-section-height-default\" data-id=\"3727979\" data-element_type=\"section\">\n\t\t\t\t\t\t<div class=\"elementor-container elementor-column-gap-default\">\n\t\t\t\t\t<div class=\"elementor-column elementor-col-100 elementor-top-column elementor-element elementor-element-e36f650\" data-id=\"e36f650\" data-element_type=\"column\">\n\t\t\t<div class=\"elementor-widget-wrap elementor-element-populated\">\n\t\t\t\t\t\t\t\t<div class=\"elementor-element elementor-element-b871a0d elementor-widget elementor-widget-text-editor\" data-id=\"b871a0d\" data-element_type=\"widget\" data-widget_type=\"text-editor.default\">\n\t\t\t\t<div class=\"elementor-widget-container\">\n\t\t\t\t\t\t\t<p><span style=\"color: #000000;\">Eine weitere \u00c4nderung geschah im Jahr 2016 mit dem Beginn der Einf\u00fchrung eines Sparschweines an unseren TV-Abenden, welches ausschlie\u00dflich f\u00fcr gute Zwecke verwendet wird. Bef\u00fcllt wird das Sparschwein durch Spenden, durch die ein oder andere Wette oder auch durch eine gewonnene Tippspielrunde unserer Mitglieder. Anschlie\u00dfend wird auf der Generalversammlung durch Vorschl\u00e4ge unserer Mitglieder der gute Zweck der Spenden ermittelt. Weiterhin ist es zu erw\u00e4hnen, dass im Laufe der Jahre der Fanclub durch die vielen Bustouren nach M\u00fcnchen oder zu den Ausw\u00e4rtsspielen auf \u00fcber 70 Mitglieder wuchs.<\/span><\/p><p><span style=\"color: #000000;\">Durch unseren Zusammenhalt haben wir es geschafft, dass 25-j\u00e4hrige Jubil\u00e4um zu erreichen. Erneut lie\u00dfen wir im bayrischen Stile den Fanclub hochleben. Im Landhaus G\u00f6ssen wurde ausgelassen gefeiert und durch das Unterhaltungsprogramm des Festausschusses, den feinsten Spezialit\u00e4ten vom Grill und dem ein oder anderen Bier, ist bis heute dieser Abend unvergessen.<\/span><\/p><p><span style=\"color: #000000;\">Im selben Jahr, zum 01.08.2018, fand ein Umbruch im Vorstand statt. Nach nennenswerten 16 Jahren \u00fcbergab Josef Harpenau das Amt des Pr\u00e4sidenten an Jonas Rolfsen weiter. Auch im Festausschuss kam es zu Ver\u00e4nderungen. Der Fanclub verj\u00fcngte sich auf den Postionen, um auch in Zukunft weitere sch\u00f6ne Momente mit unserem FC Bayern zu feiern.<\/span><\/p><p><span style=\"color: #000000;\"><strong><em>Fanclub Bavaria Eagles Steinfeld<\/em><\/strong><\/span><\/p>\t\t\t\t\t\t<\/div>\n\t\t\t\t<\/div>\n\t\t\t\t\t<\/div>\n\t\t<\/div>\n\t\t\t\t\t\t\t<\/div>\n\t\t<\/section>\n\t\t\t\t\t\t\t<\/div>\n\t\t ","protected":false},"excerpt":{"rendered":"<p>Bavaria Eagles \u2013 Eine Erfolgsgeschichte seit vielen Jahren Anfang der 90er Jahre besuchten wir die Spiele unseres FC Bayerns noch mit einem kleinen Autokonvoi, der aus den bereitgestellten Autos der Fans bestand. Dadurch gelang es uns, den FC Bayern mit mindestens zehn Personen zu unterst\u00fctzen. Im Sommer 1993 entwickelten sich erste \u00dcberlegungen, einen FC Bayern Fanclub in Steinfeld zu gr\u00fcnden. Grund daf\u00fcr lag auch in der aus einer Fanclubgr\u00fcndung resultierenden besseren Organisation der Touren zu den einzelnen Spielen. Alfred Haskamp brachte in einem Schreiben an die Gesch\u00e4ftsf\u00fchrung des FC Bayern in Erfahrung, welche Voraussetzungen ein Fanclub erf\u00fcllen muss, um offiziell als solcher beim FC Bayern M\u00fcnchen zu gelten. Dabei stellte es sich heraus, dass eine wichtige Bedingung in der Anzahl der ben\u00f6tigten Fanclubmitglieder lag, denn mindestens 25 Personen mussten mitmachen wollen. Mit der ersten Generalversammlung am 06. August 1993 gr\u00fcndeten 14 Personen im Landhaus \u00a0G\u00f6ssen den FC Bayern Fanclub ,,Bavaria&hellip;<\/p>\n<p> <a class=\"more-link\" href=\"http:\/\/bavaria-eagles.de\/index.php\/geschichte\/\">Weiterlesen<\/a><\/p>\n","protected":false},"author":1,"featured_media":48,"parent":0,"menu_order":0,"comment_status":"closed","ping_status":"closed","template":"","meta":{"_uag_custom_page_level_css":"","footnotes":""},"class_list":["post-9","page","type-page","status-publish","has-post-thumbnail"],"uagb_featured_image_src":{"full":["http:\/\/bavaria-eagles.de\/wp-content\/uploads\/2019\/12\/allianzarena4.jpeg",1920,1080,false],"thumbnail":["http:\/\/bavaria-eagles.de\/wp-content\/uploads\/2019\/12\/allianzarena4-150x150.jpeg",150,150,true],"medium":["http:\/\/bavaria-eagles.de\/wp-content\/uploads\/2019\/12\/allianzarena4-300x169.jpeg",300,169,true],"medium_large":["http:\/\/bavaria-eagles.de\/wp-content\/uploads\/2019\/12\/allianzarena4-768x432.jpeg",768,432,true],"large":["http:\/\/bavaria-eagles.de\/wp-content\/uploads\/2019\/12\/allianzarena4-1024x576.jpeg",800,450,true],"1536x1536":["http:\/\/bavaria-eagles.de\/wp-content\/uploads\/2019\/12\/allianzarena4-1536x864.jpeg",1536,864,true],"2048x2048":["http:\/\/bavaria-eagles.de\/wp-content\/uploads\/2019\/12\/allianzarena4.jpeg",1920,1080,false],"a13_navigation_image_size":["http:\/\/bavaria-eagles.de\/wp-content\/uploads\/2019\/12\/allianzarena4.jpeg",178,100,false]},"uagb_author_info":{"display_name":"admin","author_link":"http:\/\/bavaria-eagles.de\/index.php\/author\/admin\/"},"uagb_comment_info":0,"uagb_excerpt":"Bavaria Eagles \u2013 Eine Erfolgsgeschichte seit vielen Jahren Anfang der 90er Jahre besuchten wir die Spiele unseres FC Bayerns noch mit einem kleinen Autokonvoi, der aus den bereitgestellten Autos der Fans bestand. Dadurch gelang es uns, den FC Bayern mit mindestens zehn Personen zu unterst\u00fctzen. Im Sommer 1993 entwickelten sich erste \u00dcberlegungen, einen FC Bayern&hellip;","_links":{"self":[{"href":"http:\/\/bavaria-eagles.de\/index.php\/wp-json\/wp\/v2\/pages\/9"}],"collection":[{"href":"http:\/\/bavaria-eagles.de\/index.php\/wp-json\/wp\/v2\/pages"}],"about":[{"href":"http:\/\/bavaria-eagles.de\/index.php\/wp-json\/wp\/v2\/types\/page"}],"author":[{"embeddable":true,"href":"http:\/\/bavaria-eagles.de\/index.php\/wp-json\/wp\/v2\/users\/1"}],"replies":[{"embeddable":true,"href":"http:\/\/bavaria-eagles.de\/index.php\/wp-json\/wp\/v2\/comments?post=9"}],"version-history":[{"count":7,"href":"http:\/\/bavaria-eagles.de\/index.php\/wp-json\/wp\/v2\/pages\/9\/revisions"}],"predecessor-version":[{"id":242,"href":"http:\/\/bavaria-eagles.de\/index.php\/wp-json\/wp\/v2\/pages\/9\/revisions\/242"}],"wp:featuredmedia":[{"embeddable":true,"href":"http:\/\/bavaria-eagles.de\/index.php\/wp-json\/wp\/v2\/media\/48"}],"wp:attachment":[{"href":"http:\/\/bavaria-eagles.de\/index.php\/wp-json\/wp\/v2\/media?parent=9"}],"curies":[{"name":"wp","href":"https:\/\/api.w.org\/{rel}","templated":true}]}}